{"id":17817,"date":"2018-01-21T10:17:45","date_gmt":"2018-01-21T09:17:45","guid":{"rendered":"http:\/\/www.v-dala.se\/carl-larssons-cafe\/"},"modified":"2024-02-06T09:38:54","modified_gmt":"2024-02-06T08:38:54","slug":"carl-larssons-cafe","status":"publish","type":"page","link":"https:\/\/v-dala.se.hemsida.eu\/en\/carl-larssons-cafe\/","title":{"rendered":"Carl Larssons caf\u00e9"},"content":{"rendered":"<p>In Carl Larsson there are always coffee and reading areas where you or your group can sit and look out through our large lovely windows. Maybe inspiration will strike! Downstairs are also the library&#8217;s reading rooms, one of which is a quiet reading room. Come in for a cozy coffee hour with a bit of studying or just to hang out and get a nice start to the weekend! We serve classic pastries, and vary our selection from week to week. Keep an eye on our Instagram (@vdalanation) for the weekly selection!<\/p>\n<p>The name Carl Larsson&#8217;s caf\u00e9 comes from the fact that Carl Larsson&#8217;s sketch of the very famous painting Gustaf Wasa&#8217;s Entry into Stockholm hangs in the salon.<\/p>\n<p>Lunch Tuesday: 11.30 &#8211; 14.30<br \/>\nCaf\u00e9 Thursday: 12.00 &#8211; 16.00<br \/>\nNational card not required.<\/p>\n<p>Always check the calendar on the home page for current opening hours or changes due to holidays.<\/p>\n","protected":false},"excerpt":{"rendered":"In Carl Larsson there are always coffee and reading areas where you or your group can sit and look out through our large lovely windows. Maybe inspiration will strike! Downstairs are also the library&#8217;s reading rooms, one of which is a quiet reading room. Come in for a cozy coffee hour with a bit of&#8230;","protected":false},"author":7,"featured_media":0,"parent":0,"menu_order":0,"comment_status":"closed","ping_status":"closed","template":"","meta":{"footnotes":""},"acf":[],"yoast_head":"<!-- This site is optimized with the Yoast SEO plugin v21.4 - https:\/\/yoast.com\/wordpress\/plugins\/seo\/ -->\n<title>Carl Larssons caf\u00e9 Uppsala \u2013 Plugga och fika | V-Dala nation<\/title>\n<meta name=\"description\" content=\"I Carl Larsson finns det alltid kaffe och l\u00e4splatser d\u00e4r ni kan sitta och blicka ut genom v\u00e5ra stora h\u00e4rliga f\u00f6nster. Ej krav p\u00e5 nationskort.\" \/>\n<meta name=\"robots\" content=\"index, follow, max-snippet:-1, max-image-preview:large, max-video-preview:-1\" \/>\n<link rel=\"canonical\" href=\"https:\/\/v-dala.se.hemsida.eu\/en\/carl-larssons-cafe\/\" \/>\n<meta property=\"og:locale\" content=\"en_US\" \/>\n<meta property=\"og:type\" content=\"article\" \/>\n<meta property=\"og:title\" content=\"Carl Larssons caf\u00e9 Uppsala \u2013 Plugga och fika | V-Dala nation\" \/>\n<meta property=\"og:description\" content=\"I Carl Larsson finns det alltid kaffe och l\u00e4splatser d\u00e4r ni kan sitta och blicka ut genom v\u00e5ra stora h\u00e4rliga f\u00f6nster. Ej krav p\u00e5 nationskort.\" \/>\n<meta property=\"og:url\" content=\"https:\/\/v-dala.se.hemsida.eu\/en\/carl-larssons-cafe\/\" \/>\n<meta property=\"og:site_name\" content=\"V-Dala nation\" \/>\n<meta property=\"article:modified_time\" content=\"2024-02-06T08:38:54+00:00\" \/>\n<meta name=\"twitter:card\" content=\"summary_large_image\" \/>\n<meta name=\"twitter:label1\" content=\"Est. reading time\" \/>\n\t<meta name=\"twitter:data1\" content=\"1 minute\" \/>\n<script type=\"application\/ld+json\" class=\"yoast-schema-graph\">{\"@context\":\"https:\/\/schema.org\",\"@graph\":[{\"@type\":\"WebPage\",\"@id\":\"https:\/\/v-dala.se.hemsida.eu\/en\/carl-larssons-cafe\/\",\"url\":\"https:\/\/v-dala.se.hemsida.eu\/en\/carl-larssons-cafe\/\",\"name\":\"Carl Larssons caf\u00e9 Uppsala \u2013 Plugga och fika | V-Dala nation\",\"isPartOf\":{\"@id\":\"https:\/\/www.v-dala.se.hemsida.eu\/#website\"},\"datePublished\":\"2018-01-21T09:17:45+00:00\",\"dateModified\":\"2024-02-06T08:38:54+00:00\",\"description\":\"I Carl Larsson finns det alltid kaffe och l\u00e4splatser d\u00e4r ni kan sitta och blicka ut genom v\u00e5ra stora h\u00e4rliga f\u00f6nster. Ej krav p\u00e5 nationskort.\",\"breadcrumb\":{\"@id\":\"https:\/\/v-dala.se.hemsida.eu\/en\/carl-larssons-cafe\/#breadcrumb\"},\"inLanguage\":\"en-US\",\"potentialAction\":[{\"@type\":\"ReadAction\",\"target\":[\"https:\/\/v-dala.se.hemsida.eu\/en\/carl-larssons-cafe\/\"]}]},{\"@type\":\"BreadcrumbList\",\"@id\":\"https:\/\/v-dala.se.hemsida.eu\/en\/carl-larssons-cafe\/#breadcrumb\",\"itemListElement\":[{\"@type\":\"ListItem\",\"position\":1,\"name\":\"Hem\",\"item\":\"https:\/\/www.v-dala.se.hemsida.eu\/en\/\"},{\"@type\":\"ListItem\",\"position\":2,\"name\":\"Carl Larssons caf\u00e9\"}]},{\"@type\":\"WebSite\",\"@id\":\"https:\/\/www.v-dala.se.hemsida.eu\/#website\",\"url\":\"https:\/\/www.v-dala.se.hemsida.eu\/\",\"name\":\"V-Dala nation\",\"description\":\"V\u00e4stmanlands-Dala Nation f\u00f6r Studenternas Nytta och N\u00f6je - sedan 1639\",\"potentialAction\":[{\"@type\":\"SearchAction\",\"target\":{\"@type\":\"EntryPoint\",\"urlTemplate\":\"https:\/\/www.v-dala.se.hemsida.eu\/?s={search_term_string}\"},\"query-input\":\"required name=search_term_string\"}],\"inLanguage\":\"en-US\"}]}<\/script>\n<!-- \/ Yoast SEO plugin. -->","yoast_head_json":{"title":"Carl Larssons caf\u00e9 Uppsala \u2013 Plugga och fika | V-Dala nation","description":"I Carl Larsson finns det alltid kaffe och l\u00e4splatser d\u00e4r ni kan sitta och blicka ut genom v\u00e5ra stora h\u00e4rliga f\u00f6nster. Ej krav p\u00e5 nationskort.","robots":{"index":"index","follow":"follow","max-snippet":"max-snippet:-1","max-image-preview":"max-image-preview:large","max-video-preview":"max-video-preview:-1"},"canonical":"https:\/\/v-dala.se.hemsida.eu\/en\/carl-larssons-cafe\/","og_locale":"en_US","og_type":"article","og_title":"Carl Larssons caf\u00e9 Uppsala \u2013 Plugga och fika | V-Dala nation","og_description":"I Carl Larsson finns det alltid kaffe och l\u00e4splatser d\u00e4r ni kan sitta och blicka ut genom v\u00e5ra stora h\u00e4rliga f\u00f6nster. Ej krav p\u00e5 nationskort.","og_url":"https:\/\/v-dala.se.hemsida.eu\/en\/carl-larssons-cafe\/","og_site_name":"V-Dala nation","article_modified_time":"2024-02-06T08:38:54+00:00","twitter_card":"summary_large_image","twitter_misc":{"Est. reading time":"1 minute"},"schema":{"@context":"https:\/\/schema.org","@graph":[{"@type":"WebPage","@id":"https:\/\/v-dala.se.hemsida.eu\/en\/carl-larssons-cafe\/","url":"https:\/\/v-dala.se.hemsida.eu\/en\/carl-larssons-cafe\/","name":"Carl Larssons caf\u00e9 Uppsala \u2013 Plugga och fika | V-Dala nation","isPartOf":{"@id":"https:\/\/www.v-dala.se.hemsida.eu\/#website"},"datePublished":"2018-01-21T09:17:45+00:00","dateModified":"2024-02-06T08:38:54+00:00","description":"I Carl Larsson finns det alltid kaffe och l\u00e4splatser d\u00e4r ni kan sitta och blicka ut genom v\u00e5ra stora h\u00e4rliga f\u00f6nster. Ej krav p\u00e5 nationskort.","breadcrumb":{"@id":"https:\/\/v-dala.se.hemsida.eu\/en\/carl-larssons-cafe\/#breadcrumb"},"inLanguage":"en-US","potentialAction":[{"@type":"ReadAction","target":["https:\/\/v-dala.se.hemsida.eu\/en\/carl-larssons-cafe\/"]}]},{"@type":"BreadcrumbList","@id":"https:\/\/v-dala.se.hemsida.eu\/en\/carl-larssons-cafe\/#breadcrumb","itemListElement":[{"@type":"ListItem","position":1,"name":"Hem","item":"https:\/\/www.v-dala.se.hemsida.eu\/en\/"},{"@type":"ListItem","position":2,"name":"Carl Larssons caf\u00e9"}]},{"@type":"WebSite","@id":"https:\/\/www.v-dala.se.hemsida.eu\/#website","url":"https:\/\/www.v-dala.se.hemsida.eu\/","name":"V-Dala nation","description":"V\u00e4stmanlands-Dala Nation f\u00f6r Studenternas Nytta och N\u00f6je - sedan 1639","potentialAction":[{"@type":"SearchAction","target":{"@type":"EntryPoint","urlTemplate":"https:\/\/www.v-dala.se.hemsida.eu\/?s={search_term_string}"},"query-input":"required name=search_term_string"}],"inLanguage":"en-US"}]}},"_links":{"self":[{"href":"https:\/\/v-dala.se.hemsida.eu\/en\/wp-json\/wp\/v2\/pages\/17817"}],"collection":[{"href":"https:\/\/v-dala.se.hemsida.eu\/en\/wp-json\/wp\/v2\/pages"}],"about":[{"href":"https:\/\/v-dala.se.hemsida.eu\/en\/wp-json\/wp\/v2\/types\/page"}],"author":[{"embeddable":true,"href":"https:\/\/v-dala.se.hemsida.eu\/en\/wp-json\/wp\/v2\/users\/7"}],"replies":[{"embeddable":true,"href":"https:\/\/v-dala.se.hemsida.eu\/en\/wp-json\/wp\/v2\/comments?post=17817"}],"version-history":[{"count":10,"href":"https:\/\/v-dala.se.hemsida.eu\/en\/wp-json\/wp\/v2\/pages\/17817\/revisions"}],"predecessor-version":[{"id":35216,"href":"https:\/\/v-dala.se.hemsida.eu\/en\/wp-json\/wp\/v2\/pages\/17817\/revisions\/35216"}],"wp:attachment":[{"href":"https:\/\/v-dala.se.hemsida.eu\/en\/wp-json\/wp\/v2\/media?parent=17817"}],"curies":[{"name":"wp","href":"https:\/\/api.w.org\/{rel}","templated":true}]}}